{"id":1134,"date":"2021-11-23T16:12:17","date_gmt":"2021-11-23T15:12:17","guid":{"rendered":"https:\/\/hotel-veter.si\/?page_id=1134"},"modified":"2021-11-24T10:01:42","modified_gmt":"2021-11-24T09:01:42","slug":"sport-und-erholung","status":"publish","type":"page","link":"https:\/\/hotel-veter.si\/de\/sport-und-erholung\/","title":{"rendered":"SPORT UND ERHOLUNG"},"content":{"rendered":"\n<style type=\"text\/css\" data-created_by=\"avia_inline_auto\" id=\"style-css-av-wgwkke-2b7c7addc01294836a34ac00676801aa\">\n.avia-section.av-wgwkke-2b7c7addc01294836a34ac00676801aa{\nbackground-repeat:no-repeat;\nbackground-image:url(https:\/\/hotel-veter.si\/wp-content\/uploads\/2016\/02\/pohodnistvo-pohorje-1.jpg);\nbackground-position:50% 50%;\nbackground-attachment:scroll;\n}\n<\/style>\n<div id='av_section_1'  class='avia-section av-wgwkke-2b7c7addc01294836a34ac00676801aa main_color avia-section-default avia-no-shadow  avia-builder-el-0  el_before_av_section  avia-builder-el-first  avia-full-stretch avia-bg-style-scroll  av-minimum-height av-minimum-height-custom  container_wrap fullsize'  data-section-bg-repeat='stretch'><div class='container av-section-cont-open' style='height:250px'><main  role=\"main\" itemprop=\"mainContentOfPage\"  class='template-page content  av-content-full alpha units'><div class='post-entry post-entry-type-page post-entry-1134'><div class='entry-content-wrapper clearfix'>\n<\/div><\/div><\/main><!-- close content main element --><\/div><\/div>\n<style type=\"text\/css\" data-created_by=\"avia_inline_auto\" id=\"style-css-av-uqsf0u-cec8a31a06b401b6c871777d07c4c6e1\">\n.avia-section.av-uqsf0u-cec8a31a06b401b6c871777d07c4c6e1 .av-extra-border-element .av-extra-border-inner{\nbackground-color:#ffffff;\n}\n<\/style>\n<div id='av_section_2'  class='avia-section av-uqsf0u-cec8a31a06b401b6c871777d07c4c6e1 main_color avia-section-huge avia-no-border-styling  avia-builder-el-1  el_after_av_section  el_before_av_section  avia-bg-style-scroll  av-arrow-down-section container_wrap fullsize'  ><div class='container av-section-cont-open' ><div class='template-page content  av-content-full alpha units'><div class='post-entry post-entry-type-page post-entry-1134'><div class='entry-content-wrapper clearfix'>\n\n<style type=\"text\/css\" data-created_by=\"avia_inline_auto\" id=\"style-css-av-saq6xq-7734f6a06fdc71034118f957e5629564\">\n#top .flex_column.av-saq6xq-7734f6a06fdc71034118f957e5629564{\nmargin-top:-200px;\nmargin-bottom:0px;\n}\n.flex_column.av-saq6xq-7734f6a06fdc71034118f957e5629564{\nborder-radius:0px 0px 0px 0px;\n-webkit-border-radius:0px 0px 0px 0px;\n-moz-border-radius:0px 0px 0px 0px;\npadding:30px 30px 30px 30px;\nbackground-color:#ffffff;\n}\n<\/style>\n<div class='flex_column av-saq6xq-7734f6a06fdc71034118f957e5629564 av_one_full  avia-builder-el-2  el_before_av_hr  avia-builder-el-first  first flex_column_div '   ><style type=\"text\/css\" data-created_by=\"avia_inline_auto\" id=\"style-css-av-rzwj5q-241fd426a89e59ce21758c3cc9e1c0ee\">\n#top .av-special-heading.av-rzwj5q-241fd426a89e59ce21758c3cc9e1c0ee{\npadding-bottom:20px;\nfont-size:40px;\n}\n.av-special-heading.av-rzwj5q-241fd426a89e59ce21758c3cc9e1c0ee .av-subheading{\nfont-size:15px;\n}\n<\/style>\n<div  class='av-special-heading av-rzwj5q-241fd426a89e59ce21758c3cc9e1c0ee av-special-heading-h1 blockquote modern-quote modern-centered  avia-builder-el-3  avia-builder-el-no-sibling  av-inherit-size '><h1 class='av-special-heading-tag '  itemprop=\"headline\"  >SPORT UND ERHOLUNG<\/h1><div class='av-subheading av-subheading_below '><p>In der Umgebung gibt es viele M\u00f6glichkeiten f\u00fcr Sport und Erholung.<\/p>\n<\/div><div class='special-heading-border'><div class='special-heading-inner-border'><\/div><\/div><\/div><\/div>\n<style type=\"text\/css\" data-created_by=\"avia_inline_auto\" id=\"style-css-av-p73ufy-8194f3626c9aaa9b7f02e289faf508c5\">\n#top .hr.av-p73ufy-8194f3626c9aaa9b7f02e289faf508c5{\nmargin-top:0px;\nmargin-bottom:70px;\n}\n.hr.av-p73ufy-8194f3626c9aaa9b7f02e289faf508c5 .hr-inner{\nwidth:50px;\nborder-color:#f8f8f8;\nmax-width:45%;\n}\n.hr.av-p73ufy-8194f3626c9aaa9b7f02e289faf508c5 .av-seperator-icon{\ncolor:#6c147e;\n}\n<\/style>\n<div  class='hr av-p73ufy-8194f3626c9aaa9b7f02e289faf508c5 hr-custom  avia-builder-el-4  el_after_av_one_full  el_before_av_one_full  hr-center hr-icon-yes '><span class='hr-inner inner-border-av-border-fat'><span class=\"hr-inner-style\"><\/span><\/span><span class='av-seperator-icon' aria-hidden='true' data-av_icon='\ue8ce' data-av_iconfont='entypo-fontello'><\/span><span class='hr-inner inner-border-av-border-fat'><span class=\"hr-inner-style\"><\/span><\/span><\/div>\n\n<style type=\"text\/css\" data-created_by=\"avia_inline_auto\" id=\"style-css-av-2cbna6-1f54bfbe87778d4ea275e03cb51b781d\">\n.flex_column.av-2cbna6-1f54bfbe87778d4ea275e03cb51b781d{\nborder-radius:0px 0px 0px 0px;\n-webkit-border-radius:0px 0px 0px 0px;\n-moz-border-radius:0px 0px 0px 0px;\n}\n<\/style>\n<div class='flex_column av-2cbna6-1f54bfbe87778d4ea275e03cb51b781d av_one_full  avia-builder-el-5  el_after_av_hr  avia-builder-el-last  first flex_column_div  av-animated-generic bottom-to-top av-zero-column-padding '   ><p>\n<style type=\"text\/css\" data-created_by=\"avia_inline_auto\" id=\"style-css-av-md1pxa-bb8d392ba4e163843b204d351c82f6d6\">\n#top .av-special-heading.av-md1pxa-bb8d392ba4e163843b204d351c82f6d6{\npadding-bottom:0px;\n}\n<\/style>\n<div  class='av-special-heading av-md1pxa-bb8d392ba4e163843b204d351c82f6d6 av-special-heading-h3 blockquote modern-quote  avia-builder-el-6  el_before_av_textblock  avia-builder-el-first  '><h3 class='av-special-heading-tag '  itemprop=\"headline\"  >Es erwarten Sie:<\/h3><div class='special-heading-border'><div class='special-heading-inner-border'><\/div><\/div><\/div><br \/>\n<section class=\"av_textblock_section \"  itemscope=\"itemscope\" itemtype=\"https:\/\/schema.org\/CreativeWork\" ><div class='avia_textblock  '   itemprop=\"text\" ><p><strong>Wanderweg Zdravje,<br \/>\n<\/strong>Waldlehrpfad Ur\u0161ankovo, Holcar-Weg und viele andere<\/p>\n<p><strong>Radfahren<br \/>\n<\/strong>Sie k\u00f6nnen entlang der <a href=\"https:\/\/www.slovenia.info\/sl\/dozivetja\/aktivne-pocitnice\/kolesarjenje\/daljinsko-kolesarjenje\" target=\"_blank\" rel=\"noopener\">Pohorje-Radquerung fahren<\/a> oder einfach einer der unz\u00e4hligen Stra\u00dfen folgen und so die Sitten und Br\u00e4uche auf dem Pohorje Gebirge kennenlernen.<\/p>\n<p><strong>Skifahren<br \/>\n<\/strong>Im Winter laden die Pisten von Pohorje zur Abfahrt ein. Auf Pohorje und Areh erwarten Sie mehr als 41 km pr\u00e4parierte Skipisten aller Schwierigkeitsgrade auf einer H\u00f6he von 325 m bis 1327 m. Auf den H\u00e4ngen des Skigebietes Pohorje gibt es auch 27 km Langlaufloipen. Die Skipisten sind durch 5 Sessellifte, 16 Skilifte und eine Seilbahn verbunden.<\/p>\n<\/div><\/section><\/p><\/div>\n\n<\/div><\/div><\/div><!-- close content main div --><\/div><div class='av-extra-border-element border-extra-arrow-down'><div class='av-extra-border-outer'><div class='av-extra-border-inner'><\/div><\/div><\/div><\/div>\n<style type=\"text\/css\" data-created_by=\"avia_inline_auto\" id=\"style-css-av-ih5hwu-4fee39b29122decbf2e20bf1e522e9a2\">\n.avia-section.av-ih5hwu-4fee39b29122decbf2e20bf1e522e9a2{\nbackground-repeat:no-repeat;\nbackground-image:url(https:\/\/hotel-veter.si\/wp-content\/uploads\/2016\/02\/kolesarjenje-pohorje-hotel-veter.jpg);\nbackground-position:50% 50%;\nbackground-attachment:fixed;\n}\n<\/style>\n<div id='av_section_3'  class='avia-section av-ih5hwu-4fee39b29122decbf2e20bf1e522e9a2 main_color avia-section-default avia-no-border-styling  avia-builder-el-8  el_after_av_section  el_before_av_section  avia-full-stretch avia-bg-style-fixed  av-minimum-height av-minimum-height-custom  container_wrap fullsize'  data-section-bg-repeat='stretch'><div class='container av-section-cont-open' style='height:400px'><div class='template-page content  av-content-full alpha units'><div class='post-entry post-entry-type-page post-entry-1134'><div class='entry-content-wrapper clearfix'>\n<\/div><\/div><\/div><!-- close content main div --><\/div><\/div>\n<style type=\"text\/css\" data-created_by=\"avia_inline_auto\" id=\"style-css-av-h7p9la-f400f52be62915b2c03358d34417c69c\">\n.avia-section.av-h7p9la-f400f52be62915b2c03358d34417c69c{\nbackground-color:#fcfcfc;\n}\n.avia-section.av-h7p9la-f400f52be62915b2c03358d34417c69c .av-extra-border-element .av-extra-border-inner{\nbackground-color:#fcfcfc;\n}\n<\/style>\n<div id='av_section_4'  class='avia-section av-h7p9la-f400f52be62915b2c03358d34417c69c main_color avia-section-huge avia-no-border-styling  avia-builder-el-9  el_after_av_section  el_before_av_section  avia-bg-style-scroll  av-arrow-down-section container_wrap fullsize'  ><div class='container av-section-cont-open' ><div class='template-page content  av-content-full alpha units'><div class='post-entry post-entry-type-page post-entry-1134'><div class='entry-content-wrapper clearfix'>\n\n<style type=\"text\/css\" data-created_by=\"avia_inline_auto\" id=\"style-css-av-fowyi6-d12f88285647ad4779e679284d50ad4d\">\n.flex_column.av-fowyi6-d12f88285647ad4779e679284d50ad4d{\nborder-radius:0px 0px 0px 0px;\n-webkit-border-radius:0px 0px 0px 0px;\n-moz-border-radius:0px 0px 0px 0px;\n}\n<\/style>\n<div class='flex_column av-fowyi6-d12f88285647ad4779e679284d50ad4d av_one_full  avia-builder-el-10  avia-builder-el-no-sibling  first flex_column_div  av-animated-generic bottom-to-top av-zero-column-padding '   ><p>\n<style type=\"text\/css\" data-created_by=\"avia_inline_auto\" id=\"style-css-av-eltun2-215adb8ea804336c9de5506b54b437af\">\n#top .av-special-heading.av-eltun2-215adb8ea804336c9de5506b54b437af{\npadding-bottom:0px;\n}\n<\/style>\n<div  class='av-special-heading av-eltun2-215adb8ea804336c9de5506b54b437af av-special-heading-h3 blockquote modern-quote  avia-builder-el-11  el_before_av_textblock  avia-builder-el-first  '><h3 class='av-special-heading-tag '  itemprop=\"headline\"  >Informationen f\u00fcr Radfahrer<\/h3><div class='special-heading-border'><div class='special-heading-inner-border'><\/div><\/div><\/div><br \/>\n<section class=\"av_textblock_section \"  itemscope=\"itemscope\" itemtype=\"https:\/\/schema.org\/CreativeWork\" ><div class='avia_textblock  '   itemprop=\"text\" ><p><strong>FAHRRADABSTELLRAUM<br \/>\n<\/strong>In der Hotelgarage gibt es einen Raum, in dem Sie Ihre Fahrr\u00e4der abstellen k\u00f6nnen. Fragen Sie an der Rezeption nach dem Zugang.<\/p>\n<p><strong>REINIGUNG UND TROCKNEN DER KLEIDUNG<br \/>\n<\/strong>Auf Wunsch k\u00f6nnen Sie Ihre Kleidung waschen und trocknen. Bitte, diese bis 10.00 Uhr zu \u00fcbergeben.<\/p>\n<p><strong>LEBENSMITTEL<br \/>\n<\/strong>Wir bieten Ihnen energiereiche Speisen, die Sie in unserem Restaurant Verna genie\u00dfen k\u00f6nnen. F\u00fcr andere Kleinigkeiten gibt es ein Lebensmittelgesch\u00e4ft in der N\u00e4he.<\/p>\n<p><strong>AUSFL\u00dcGE<br \/>\n<\/strong>Es gibt viele Radwege um das Hotel, die Sie erkunden k\u00f6nnen. Je nach Entfernung und Schwierigkeitsgrad der Routen empfehlen wir Ihnen, eine der auf der Karte markierten verf\u00fcgbaren Routen zu w\u00e4hlen. Sie k\u00f6nnen sich auch f\u00fcr eine gef\u00fchrte Tour entscheiden. (Informationen an der Rezeption)<\/p>\n<\/div><\/section><\/p><\/div>\n\n<\/div><\/div><\/div><!-- close content main div --><\/div><div class='av-extra-border-element border-extra-arrow-down'><div class='av-extra-border-outer'><div class='av-extra-border-inner'><\/div><\/div><\/div><\/div>\n<style type=\"text\/css\" data-created_by=\"avia_inline_auto\" id=\"style-css-av-10pm1a-b9e86044d2d8d5c08ab3f9b6c6cd4cf5\">\n.avia-section.av-10pm1a-b9e86044d2d8d5c08ab3f9b6c6cd4cf5{\nbackground-repeat:no-repeat;\nbackground-image:url(https:\/\/hotel-veter.si\/wp-content\/uploads\/2016\/02\/smucanje-pohorje.jpg);\nbackground-position:50% 50%;\nbackground-attachment:fixed;\n}\n<\/style>\n<div id='av_section_5'  class='avia-section av-10pm1a-b9e86044d2d8d5c08ab3f9b6c6cd4cf5 main_color avia-section-default avia-no-border-styling  avia-builder-el-13  el_after_av_section  el_before_av_section  avia-full-stretch avia-bg-style-fixed  av-minimum-height av-minimum-height-custom  container_wrap fullsize'  data-section-bg-repeat='stretch'><div class='container av-section-cont-open' style='height:400px'><div class='template-page content  av-content-full alpha units'><div class='post-entry post-entry-type-page post-entry-1134'><div class='entry-content-wrapper clearfix'>\n<\/div><\/div><\/div><!-- close content main div --><\/div><\/div><div id='av_section_6'  class='avia-section av-9t8xim-cdcd2e31f266988f11ffbb07aeb5eb5d main_color avia-section-huge avia-no-border-styling  avia-builder-el-14  el_after_av_section  el_before_av_button_big  avia-bg-style-scroll  container_wrap fullsize'  ><div class='container av-section-cont-open' ><div class='template-page content  av-content-full alpha units'><div class='post-entry post-entry-type-page post-entry-1134'><div class='entry-content-wrapper clearfix'>\n\n<style type=\"text\/css\" data-created_by=\"avia_inline_auto\" id=\"style-css-av-6s7lse-633efefd2af109c57e19fa8c0a186b95\">\n.flex_column.av-6s7lse-633efefd2af109c57e19fa8c0a186b95{\nborder-radius:0px 0px 0px 0px;\n-webkit-border-radius:0px 0px 0px 0px;\n-moz-border-radius:0px 0px 0px 0px;\n}\n<\/style>\n<div class='flex_column av-6s7lse-633efefd2af109c57e19fa8c0a186b95 av_one_full  avia-builder-el-15  avia-builder-el-no-sibling  first flex_column_div  av-animated-generic bottom-to-top av-zero-column-padding '   ><p>\n<style type=\"text\/css\" data-created_by=\"avia_inline_auto\" id=\"style-css-av-6b4gq6-3becaaa1350faff6bc518f15a29ea589\">\n#top .av-special-heading.av-6b4gq6-3becaaa1350faff6bc518f15a29ea589{\npadding-bottom:0px;\n}\n<\/style>\n<div  class='av-special-heading av-6b4gq6-3becaaa1350faff6bc518f15a29ea589 av-special-heading-h3 blockquote modern-quote  avia-builder-el-16  el_before_av_textblock  avia-builder-el-first  '><h3 class='av-special-heading-tag '  itemprop=\"headline\"  >Skifahren<\/h3><div class='special-heading-border'><div class='special-heading-inner-border'><\/div><\/div><\/div><br \/>\n<section class=\"av_textblock_section \"  itemscope=\"itemscope\" itemtype=\"https:\/\/schema.org\/CreativeWork\" ><div class='avia_textblock  '   itemprop=\"text\" ><p>Im Winter laden die Pisten von Pohorje zur Abfahrt ein!<\/p>\n<p>Auf Pohorje und Areh erwarten Sie mehr als 41 km pr\u00e4parierte Skipisten aller Schwierigkeitsgrade auf einer H\u00f6he von 325 m bis 1327 m.<\/p>\n<p>F\u00fcr jeden ist die passende Route dabei und in vielen H\u00fctten auf dem Weg kann man bei Getr\u00e4nken und Speisen neue Kr\u00e4fte sammeln.<\/p>\n<p>Auf den H\u00e4ngen des Skigebietes Pohorje gibt es auch 27 km Langlaufloipen.<\/p>\n<p>Die Skipisten sind durch 5 Sessellifte, 16 Skilifte und eine Seilbahn verbunden.<\/p>\n<p>Vom Hotel, zur Talstation der neuen 6er-Sesselbahn in nur 10 Minuten mit dem Auto, wo Sie ohne Wartezeit in sechs Minuten oben sind.<\/p>\n<p>Mehr \u00fcber das Skigebiet Mariborsko Pohorje unter <a href=\"https:\/\/www.visitpohorje.si\/\">visitpohorje.si<\/a><\/p>\n<\/div><\/section><\/p><\/div>\n\n<div  class='avia-button-wrap avia-button-center  avia-builder-el-18  el_after_av_section  avia-builder-el-last ' >\n<style type=\"text\/css\" data-created_by=\"avia_inline_auto\" id=\"style-css-av-8hvoe-7e58cb3a633327a7fbdb438f09cc159d\">\n#top #wrap_all .avia-button.av-8hvoe-7e58cb3a633327a7fbdb438f09cc159d{\nbackground-color:#191e24;\nborder-color:#191e24;\ntransition:all 0.4s ease-in-out;\n-webkit-transition:all 0.4s ease-in-out;\n-moz-transition:all 0.4s ease-in-out;\n-ms-transition:all 0.4s ease-in-out;\n-o-transition:all 0.4s ease-in-out;\n}\n#top #wrap_all .avia-button.av-8hvoe-7e58cb3a633327a7fbdb438f09cc159d:hover{\ncolor:white;\ntransition:all 0.4s ease-in-out;\n-webkit-transition:all 0.4s ease-in-out;\n-moz-transition:all 0.4s ease-in-out;\n-ms-transition:all 0.4s ease-in-out;\n-o-transition:all 0.4s ease-in-out;\n}\n<\/style>\n<a href='https:\/\/hotel-veter.si\/de\/kontakt\/' class='avia-font-color-theme-color avia-button avia-button-fullwidth av-8hvoe-7e58cb3a633327a7fbdb438f09cc159d avia-icon_select-no avia-color-custom ' ><span class='avia_iconbox_title' >Anfrage absenden<\/span><span class='avia_button_background avia-button avia-button-fullwidth avia-color-theme-color'><\/span><\/a><\/div>\n","protected":false},"excerpt":{"rendered":"","protected":false},"author":1,"featured_media":0,"parent":0,"menu_order":0,"comment_status":"closed","ping_status":"closed","template":"","meta":[],"yoast_head":"<!-- This site is optimized with the Yoast SEO plugin v17.6 - https:\/\/yoast.com\/wordpress\/plugins\/seo\/ -->\n<title>SPORT UND ERHOLUNG - Hotel Veter ***<\/title>\n<meta name=\"robots\" content=\"index, follow, max-snippet:-1, max-image-preview:large, max-video-preview:-1\" \/>\n<link rel=\"canonical\" href=\"https:\/\/hotel-veter.si\/de\/sport-und-erholung\/\" \/>\n<meta property=\"og:locale\" content=\"de_DE\" \/>\n<meta property=\"og:type\" content=\"article\" \/>\n<meta property=\"og:title\" content=\"SPORT UND ERHOLUNG - Hotel Veter ***\" \/>\n<meta property=\"og:url\" content=\"https:\/\/hotel-veter.si\/de\/sport-und-erholung\/\" \/>\n<meta property=\"og:site_name\" content=\"Hotel Veter ***\" \/>\n<meta property=\"article:publisher\" content=\"https:\/\/www.facebook.com\/veter.vetrnica.1\/\" \/>\n<meta property=\"article:modified_time\" content=\"2021-11-24T09:01:42+00:00\" \/>\n<meta name=\"twitter:card\" content=\"summary\" \/>\n<meta name=\"twitter:label1\" content=\"Gesch\u00e4tzte Lesezeit\" \/>\n\t<meta name=\"twitter:data1\" content=\"9\u00a0Minuten\" \/>\n<script type=\"application\/ld+json\" class=\"yoast-schema-graph\">{\"@context\":\"https:\/\/schema.org\",\"@graph\":[{\"@type\":\"WebSite\",\"@id\":\"https:\/\/hotel-veter.si\/#website\",\"url\":\"https:\/\/hotel-veter.si\/\",\"name\":\"Hotel Veter ***\",\"description\":\"Zajemite sapo pod Pohorjem!\",\"potentialAction\":[{\"@type\":\"SearchAction\",\"target\":{\"@type\":\"EntryPoint\",\"urlTemplate\":\"https:\/\/hotel-veter.si\/?s={search_term_string}\"},\"query-input\":\"required name=search_term_string\"}],\"inLanguage\":\"de\"},{\"@type\":\"WebPage\",\"@id\":\"https:\/\/hotel-veter.si\/de\/sport-und-erholung\/#webpage\",\"url\":\"https:\/\/hotel-veter.si\/de\/sport-und-erholung\/\",\"name\":\"SPORT UND ERHOLUNG - Hotel Veter ***\",\"isPartOf\":{\"@id\":\"https:\/\/hotel-veter.si\/#website\"},\"datePublished\":\"2021-11-23T15:12:17+00:00\",\"dateModified\":\"2021-11-24T09:01:42+00:00\",\"breadcrumb\":{\"@id\":\"https:\/\/hotel-veter.si\/de\/sport-und-erholung\/#breadcrumb\"},\"inLanguage\":\"de\",\"potentialAction\":[{\"@type\":\"ReadAction\",\"target\":[\"https:\/\/hotel-veter.si\/de\/sport-und-erholung\/\"]}]},{\"@type\":\"BreadcrumbList\",\"@id\":\"https:\/\/hotel-veter.si\/de\/sport-und-erholung\/#breadcrumb\",\"itemListElement\":[{\"@type\":\"ListItem\",\"position\":1,\"name\":\"Home\",\"item\":\"https:\/\/hotel-veter.si\/de\/willkommen\/\"},{\"@type\":\"ListItem\",\"position\":2,\"name\":\"SPORT UND ERHOLUNG\"}]}]}<\/script>\n<!-- \/ Yoast SEO plugin. -->","yoast_head_json":{"title":"SPORT UND ERHOLUNG - Hotel Veter ***","robots":{"index":"index","follow":"follow","max-snippet":"max-snippet:-1","max-image-preview":"max-image-preview:large","max-video-preview":"max-video-preview:-1"},"canonical":"https:\/\/hotel-veter.si\/de\/sport-und-erholung\/","og_locale":"de_DE","og_type":"article","og_title":"SPORT UND ERHOLUNG - Hotel Veter ***","og_url":"https:\/\/hotel-veter.si\/de\/sport-und-erholung\/","og_site_name":"Hotel Veter ***","article_publisher":"https:\/\/www.facebook.com\/veter.vetrnica.1\/","article_modified_time":"2021-11-24T09:01:42+00:00","twitter_card":"summary","twitter_misc":{"Gesch\u00e4tzte Lesezeit":"9\u00a0Minuten"},"schema":{"@context":"https:\/\/schema.org","@graph":[{"@type":"WebSite","@id":"https:\/\/hotel-veter.si\/#website","url":"https:\/\/hotel-veter.si\/","name":"Hotel Veter ***","description":"Zajemite sapo pod Pohorjem!","potentialAction":[{"@type":"SearchAction","target":{"@type":"EntryPoint","urlTemplate":"https:\/\/hotel-veter.si\/?s={search_term_string}"},"query-input":"required name=search_term_string"}],"inLanguage":"de"},{"@type":"WebPage","@id":"https:\/\/hotel-veter.si\/de\/sport-und-erholung\/#webpage","url":"https:\/\/hotel-veter.si\/de\/sport-und-erholung\/","name":"SPORT UND ERHOLUNG - Hotel Veter ***","isPartOf":{"@id":"https:\/\/hotel-veter.si\/#website"},"datePublished":"2021-11-23T15:12:17+00:00","dateModified":"2021-11-24T09:01:42+00:00","breadcrumb":{"@id":"https:\/\/hotel-veter.si\/de\/sport-und-erholung\/#breadcrumb"},"inLanguage":"de","potentialAction":[{"@type":"ReadAction","target":["https:\/\/hotel-veter.si\/de\/sport-und-erholung\/"]}]},{"@type":"BreadcrumbList","@id":"https:\/\/hotel-veter.si\/de\/sport-und-erholung\/#breadcrumb","itemListElement":[{"@type":"ListItem","position":1,"name":"Home","item":"https:\/\/hotel-veter.si\/de\/willkommen\/"},{"@type":"ListItem","position":2,"name":"SPORT UND ERHOLUNG"}]}]}},"_links":{"self":[{"href":"https:\/\/hotel-veter.si\/de\/wp-json\/wp\/v2\/pages\/1134"}],"collection":[{"href":"https:\/\/hotel-veter.si\/de\/wp-json\/wp\/v2\/pages"}],"about":[{"href":"https:\/\/hotel-veter.si\/de\/wp-json\/wp\/v2\/types\/page"}],"author":[{"embeddable":true,"href":"https:\/\/hotel-veter.si\/de\/wp-json\/wp\/v2\/users\/1"}],"replies":[{"embeddable":true,"href":"https:\/\/hotel-veter.si\/de\/wp-json\/wp\/v2\/comments?post=1134"}],"version-history":[{"count":5,"href":"https:\/\/hotel-veter.si\/de\/wp-json\/wp\/v2\/pages\/1134\/revisions"}],"predecessor-version":[{"id":1158,"href":"https:\/\/hotel-veter.si\/de\/wp-json\/wp\/v2\/pages\/1134\/revisions\/1158"}],"wp:attachment":[{"href":"https:\/\/hotel-veter.si\/de\/wp-json\/wp\/v2\/media?parent=1134"}],"curies":[{"name":"wp","href":"https:\/\/api.w.org\/{rel}","templated":true}]}}