{"id":1129,"date":"2021-11-23T16:11:17","date_gmt":"2021-11-23T15:11:17","guid":{"rendered":"https:\/\/hotel-veter.si\/?page_id=1129"},"modified":"2021-11-25T15:11:40","modified_gmt":"2021-11-25T14:11:40","slug":"allgemeine-geschaeftsbedingungen","status":"publish","type":"page","link":"https:\/\/hotel-veter.si\/de\/allgemeine-geschaeftsbedingungen\/","title":{"rendered":"Allgemeine Gesch\u00e4ftsbedingungen"},"content":{"rendered":"<section class=\"av_textblock_section \"  itemscope=\"itemscope\" itemtype=\"https:\/\/schema.org\/CreativeWork\" ><div class='avia_textblock  '   itemprop=\"text\" ><p><strong>Allgemeine Gesch\u00e4ftsbedingungen <\/strong><\/p>\n<p>Das Hotel ist verpflichtet, die G\u00e4ste, die der Rezeption einen Ausweis (Personalausweis, Reisepass oder F\u00fchrerschein) \u00fcbergeben anzumelden. Das Hotel ist verpflichtet, vom Kunden gebuchte Zimmer bereitzuhalten und die vereinbarten Leistungen zu erbringen. Der Kunde verpflichtet sich, den vereinbarten Preis f\u00fcr die von ihm in Anspruch genommenen Leistungen zu zahlen, der Kunde verpflichtet sich auch, die Allgemeinen Gesch\u00e4ftsbedingungen zu akzeptieren. Bezahlt der Kunde, aus irgendeinem Grund, nicht die Leistungen des Hotels w\u00e4hrend des Aufenthalts, wird das Hotel, die Polizei benachrichtigen. Alle Preise verstehen sich inklusive Mehrwertsteuer.<\/p>\n<p>Die Unterbringung im Hotel ist am Anreisetag ab 14:00 Uhr m\u00f6glich, am Abreisetag m\u00fcssen die Zimmer bis 11:00 Uhr ger\u00e4umt sein. \u00dcberschreitet der Kunde diese Zeit, kann das Hotel 50 % der \u00dcbernachtung verlangen. Ankunftszeit oder Die Abreise kann nach Absprache mit dem Gast ge\u00e4ndert werden.<\/p>\n<p>Bei M\u00e4ngeln im Zimmer ist das Hotel verpflichtet, ein Zimmer des gleichen Standards anzubieten.<\/p>\n<p>Verl\u00e4ngert der Gast den Aufenthalt, ist das Hotel berechtigt, den Gast in ein anderes Zimmer zu verlegen, wenn dieses Zimmer im Voraus gebucht wurde.<\/p>\n<p>Der Gast muss sich an die Hausordnung des Hotels halten. Verursacht er Sch\u00e4den im Raum, wird ihm der Wert der Sch\u00e4den in Rechnung gestellt.<\/p>\n<p>Verl\u00e4sst der Kunde das Hotel vorzeitig, kann das Hotel 50 % des Tagespreises der verbleibenden gebuchten Tage in Rechnung stellen.<\/p>\n<p><strong>Zahlungsberechnung f\u00fcr gr\u00f6\u00dfere Gruppen:<\/strong><\/p>\n<p>Vereinbaren der Kunde und das Hotel eine Vorauszahlung, so ist diese innerhalb der vereinbarten Zeit zu t\u00e4tigen, erfolgt keine Zahlung, ist das Hotel berechtigt, die Reservierung zu stornieren.<\/p>\n<p>Im Falle einer Stornierung wird die Vorauszahlung nicht zur\u00fcckerstattet, wenn keine zus\u00e4tzliche Versicherung zwischen dem Kunden und dem Hotel abgeschlossen wurde.<\/p>\n<p>Die Zahlungsdifferenz ist vom Kunden am Abreisetag zu begleichen, sofern zwischen dem Kunden und dem Hotel nicht erwas anderes vereinbart wurde.<\/p>\n<p><strong>Bedingungen f\u00fcr die Stornierung der Zimmerreservierung:<\/strong><\/p>\n<p>Bei einer Aufenthaltsdauer von weniger als 3 Tagen muss die Stornierung mindestens 3 Tage vor Anreise erfolgen, ansonsten kann das Hotel 50% des Gesamtbetrages der Reservierung in Rechnung stellen.<\/p>\n<p>Wenn der Aufenthalt voraussichtlich l\u00e4nger als 3 Tage dauert, muss die Stornierung mindestens 6 Tage im Voraus erfolgen, andernfalls kann das Hotel 50% des Gesamtbetrags der Reservierung verlangen.<\/p>\n<p>Meldet der Gast die Stornierung nicht, ist das Hotel berechtigt, 100 % des Arrangementpreises in Rechnung zu stellen.<\/p>\n<p>Das Hotel sch\u00fctzt alle erfassten G\u00e4stedaten gem\u00e4\u00df dem Gesetz zum Schutz personenbezogener Daten. Mit der Annahme des Angebots erkl\u00e4rt sich der Gast mit der Nutzung dieser Daten auch f\u00fcr die statistische Verarbeitung und Benachrichtigung f\u00fcr zuk\u00fcnftige Angebote einverstanden, sofern er dies ebenfalls w\u00fcnscht. Wenn der Gast das nicht m\u00f6chte, kann er es beim Check-in angeben.<\/p>\n<p>Alle Preise aus dem Angebot des Hotel Veter enthalten die gesetzliche Mehrwertsteuer. Bei Streitigkeiten zwischen den Parteien ist f\u00fcr alle Streitigkeiten das sachlich zust\u00e4ndige Gericht in Maribor zust\u00e4ndig.<\/p>\n<p>Wir behalten uns das Recht vor, die Preisliste zu \u00e4ndern. Die Allgemeinen Gesch\u00e4ftsbedingungen gelten vom 1.10.2020 bis auf Widerruf.<\/p>\n<p>VERNA d.o.o.<br \/>\nHotel Veter*** in mladinski hotel Vetrnica<br \/>\nMariborska cesta 31<br \/>\n2342 Ru\u0161e<\/p>\n<p>ID za DDV: SI48497576<br \/>\nUmsatzsteuer-Identifikationsnummer: SI56045150003552260 (Nova KBM d.d.)<\/p>\n<\/div><\/section>\n","protected":false},"excerpt":{"rendered":"","protected":false},"author":1,"featured_media":0,"parent":0,"menu_order":0,"comment_status":"closed","ping_status":"closed","template":"","meta":[],"yoast_head":"<!-- This site is optimized with the Yoast SEO plugin v17.6 - https:\/\/yoast.com\/wordpress\/plugins\/seo\/ -->\n<title>Allgemeine Gesch\u00e4ftsbedingungen - Hotel Veter ***<\/title>\n<meta name=\"robots\" content=\"index, follow, max-snippet:-1, max-image-preview:large, max-video-preview:-1\" \/>\n<link rel=\"canonical\" href=\"https:\/\/hotel-veter.si\/de\/allgemeine-geschaeftsbedingungen\/\" \/>\n<meta property=\"og:locale\" content=\"de_DE\" \/>\n<meta property=\"og:type\" content=\"article\" \/>\n<meta property=\"og:title\" content=\"Allgemeine Gesch\u00e4ftsbedingungen - Hotel Veter ***\" \/>\n<meta property=\"og:url\" content=\"https:\/\/hotel-veter.si\/de\/allgemeine-geschaeftsbedingungen\/\" \/>\n<meta property=\"og:site_name\" content=\"Hotel Veter ***\" \/>\n<meta property=\"article:publisher\" content=\"https:\/\/www.facebook.com\/veter.vetrnica.1\/\" \/>\n<meta property=\"article:modified_time\" content=\"2021-11-25T14:11:40+00:00\" \/>\n<meta name=\"twitter:card\" content=\"summary\" \/>\n<meta name=\"twitter:label1\" content=\"Gesch\u00e4tzte Lesezeit\" \/>\n\t<meta name=\"twitter:data1\" content=\"3\u00a0Minuten\" \/>\n<script type=\"application\/ld+json\" class=\"yoast-schema-graph\">{\"@context\":\"https:\/\/schema.org\",\"@graph\":[{\"@type\":\"WebSite\",\"@id\":\"https:\/\/hotel-veter.si\/#website\",\"url\":\"https:\/\/hotel-veter.si\/\",\"name\":\"Hotel Veter ***\",\"description\":\"Zajemite sapo pod Pohorjem!\",\"potentialAction\":[{\"@type\":\"SearchAction\",\"target\":{\"@type\":\"EntryPoint\",\"urlTemplate\":\"https:\/\/hotel-veter.si\/?s={search_term_string}\"},\"query-input\":\"required name=search_term_string\"}],\"inLanguage\":\"de\"},{\"@type\":\"WebPage\",\"@id\":\"https:\/\/hotel-veter.si\/de\/allgemeine-geschaeftsbedingungen\/#webpage\",\"url\":\"https:\/\/hotel-veter.si\/de\/allgemeine-geschaeftsbedingungen\/\",\"name\":\"Allgemeine Gesch\\u00e4ftsbedingungen - Hotel Veter ***\",\"isPartOf\":{\"@id\":\"https:\/\/hotel-veter.si\/#website\"},\"datePublished\":\"2021-11-23T15:11:17+00:00\",\"dateModified\":\"2021-11-25T14:11:40+00:00\",\"breadcrumb\":{\"@id\":\"https:\/\/hotel-veter.si\/de\/allgemeine-geschaeftsbedingungen\/#breadcrumb\"},\"inLanguage\":\"de\",\"potentialAction\":[{\"@type\":\"ReadAction\",\"target\":[\"https:\/\/hotel-veter.si\/de\/allgemeine-geschaeftsbedingungen\/\"]}]},{\"@type\":\"BreadcrumbList\",\"@id\":\"https:\/\/hotel-veter.si\/de\/allgemeine-geschaeftsbedingungen\/#breadcrumb\",\"itemListElement\":[{\"@type\":\"ListItem\",\"position\":1,\"name\":\"Home\",\"item\":\"https:\/\/hotel-veter.si\/de\/willkommen\/\"},{\"@type\":\"ListItem\",\"position\":2,\"name\":\"Allgemeine Gesch\\u00e4ftsbedingungen\"}]}]}<\/script>\n<!-- \/ Yoast SEO plugin. -->","yoast_head_json":{"title":"Allgemeine Gesch\u00e4ftsbedingungen - Hotel Veter ***","robots":{"index":"index","follow":"follow","max-snippet":"max-snippet:-1","max-image-preview":"max-image-preview:large","max-video-preview":"max-video-preview:-1"},"canonical":"https:\/\/hotel-veter.si\/de\/allgemeine-geschaeftsbedingungen\/","og_locale":"de_DE","og_type":"article","og_title":"Allgemeine Gesch\u00e4ftsbedingungen - Hotel Veter ***","og_url":"https:\/\/hotel-veter.si\/de\/allgemeine-geschaeftsbedingungen\/","og_site_name":"Hotel Veter ***","article_publisher":"https:\/\/www.facebook.com\/veter.vetrnica.1\/","article_modified_time":"2021-11-25T14:11:40+00:00","twitter_card":"summary","twitter_misc":{"Gesch\u00e4tzte Lesezeit":"3\u00a0Minuten"},"schema":{"@context":"https:\/\/schema.org","@graph":[{"@type":"WebSite","@id":"https:\/\/hotel-veter.si\/#website","url":"https:\/\/hotel-veter.si\/","name":"Hotel Veter ***","description":"Zajemite sapo pod Pohorjem!","potentialAction":[{"@type":"SearchAction","target":{"@type":"EntryPoint","urlTemplate":"https:\/\/hotel-veter.si\/?s={search_term_string}"},"query-input":"required name=search_term_string"}],"inLanguage":"de"},{"@type":"WebPage","@id":"https:\/\/hotel-veter.si\/de\/allgemeine-geschaeftsbedingungen\/#webpage","url":"https:\/\/hotel-veter.si\/de\/allgemeine-geschaeftsbedingungen\/","name":"Allgemeine Gesch\u00e4ftsbedingungen - Hotel Veter ***","isPartOf":{"@id":"https:\/\/hotel-veter.si\/#website"},"datePublished":"2021-11-23T15:11:17+00:00","dateModified":"2021-11-25T14:11:40+00:00","breadcrumb":{"@id":"https:\/\/hotel-veter.si\/de\/allgemeine-geschaeftsbedingungen\/#breadcrumb"},"inLanguage":"de","potentialAction":[{"@type":"ReadAction","target":["https:\/\/hotel-veter.si\/de\/allgemeine-geschaeftsbedingungen\/"]}]},{"@type":"BreadcrumbList","@id":"https:\/\/hotel-veter.si\/de\/allgemeine-geschaeftsbedingungen\/#breadcrumb","itemListElement":[{"@type":"ListItem","position":1,"name":"Home","item":"https:\/\/hotel-veter.si\/de\/willkommen\/"},{"@type":"ListItem","position":2,"name":"Allgemeine Gesch\u00e4ftsbedingungen"}]}]}},"_links":{"self":[{"href":"https:\/\/hotel-veter.si\/de\/wp-json\/wp\/v2\/pages\/1129"}],"collection":[{"href":"https:\/\/hotel-veter.si\/de\/wp-json\/wp\/v2\/pages"}],"about":[{"href":"https:\/\/hotel-veter.si\/de\/wp-json\/wp\/v2\/types\/page"}],"author":[{"embeddable":true,"href":"https:\/\/hotel-veter.si\/de\/wp-json\/wp\/v2\/users\/1"}],"replies":[{"embeddable":true,"href":"https:\/\/hotel-veter.si\/de\/wp-json\/wp\/v2\/comments?post=1129"}],"version-history":[{"count":5,"href":"https:\/\/hotel-veter.si\/de\/wp-json\/wp\/v2\/pages\/1129\/revisions"}],"predecessor-version":[{"id":1177,"href":"https:\/\/hotel-veter.si\/de\/wp-json\/wp\/v2\/pages\/1129\/revisions\/1177"}],"wp:attachment":[{"href":"https:\/\/hotel-veter.si\/de\/wp-json\/wp\/v2\/media?parent=1129"}],"curies":[{"name":"wp","href":"https:\/\/api.w.org\/{rel}","templated":true}]}}