{"id":1125,"date":"2021-11-23T16:10:00","date_gmt":"2021-11-23T15:10:00","guid":{"rendered":"https:\/\/hotel-veter.si\/?page_id=1125"},"modified":"2022-12-13T11:38:15","modified_gmt":"2022-12-13T10:38:15","slug":"restaurant","status":"publish","type":"page","link":"https:\/\/hotel-veter.si\/de\/restaurant\/","title":{"rendered":"RESTAURANT"},"content":{"rendered":"\n<style type=\"text\/css\" data-created_by=\"avia_inline_auto\" id=\"style-css-av-11d4g6t-08d6bfef3f1c936e2a32812e0e1d9300\">\n.avia-section.av-11d4g6t-08d6bfef3f1c936e2a32812e0e1d9300{\nbackground-repeat:no-repeat;\nbackground-image:url(https:\/\/hotel-veter.si\/wp-content\/uploads\/2016\/02\/hotel-veter-restavracija-verna-1.jpg);\nbackground-position:50% 50%;\nbackground-attachment:scroll;\n}\n<\/style>\n<div id='av_section_1'  class='avia-section av-11d4g6t-08d6bfef3f1c936e2a32812e0e1d9300 main_color avia-section-default avia-no-shadow  avia-builder-el-0  el_before_av_section  avia-builder-el-first  avia-full-stretch avia-bg-style-scroll  av-minimum-height av-minimum-height-custom  container_wrap fullsize'  data-section-bg-repeat='stretch'><div class='container av-section-cont-open' style='height:250px'><main  role=\"main\" itemprop=\"mainContentOfPage\"  class='template-page content  av-content-full alpha units'><div class='post-entry post-entry-type-page post-entry-1125'><div class='entry-content-wrapper clearfix'>\n<\/div><\/div><\/main><!-- close content main element --><\/div><\/div>\n<style type=\"text\/css\" data-created_by=\"avia_inline_auto\" id=\"style-css-av-yyk8jp-c88faf2f70ef100fae5e5ef0e5691d5b\">\n.avia-section.av-yyk8jp-c88faf2f70ef100fae5e5ef0e5691d5b .av-extra-border-element .av-extra-border-inner{\nbackground-color:#ffffff;\n}\n<\/style>\n<div id='av_section_2'  class='avia-section av-yyk8jp-c88faf2f70ef100fae5e5ef0e5691d5b main_color avia-section-default avia-no-border-styling  avia-builder-el-1  el_after_av_section  el_before_av_section  avia-bg-style-scroll  av-arrow-down-section container_wrap fullsize'  ><div class='container av-section-cont-open' ><div class='template-page content  av-content-full alpha units'><div class='post-entry post-entry-type-page post-entry-1125'><div class='entry-content-wrapper clearfix'>\n\n<style type=\"text\/css\" data-created_by=\"avia_inline_auto\" id=\"style-css-av-yhgvrp-d845b1bf45282377b12afca8bc8330c1\">\n#top .flex_column.av-yhgvrp-d845b1bf45282377b12afca8bc8330c1{\nmargin-top:-200px;\nmargin-bottom:0px;\n}\n.flex_column.av-yhgvrp-d845b1bf45282377b12afca8bc8330c1{\nborder-radius:0px 0px 0px 0px;\n-webkit-border-radius:0px 0px 0px 0px;\n-moz-border-radius:0px 0px 0px 0px;\npadding:30px 30px 30px 30px;\nbackground-color:#ffffff;\n}\n<\/style>\n<div class='flex_column av-yhgvrp-d845b1bf45282377b12afca8bc8330c1 av_one_full  avia-builder-el-2  el_before_av_hr  avia-builder-el-first  first flex_column_div '   ><style type=\"text\/css\" data-created_by=\"avia_inline_auto\" id=\"style-css-av-wiw5px-7d3d6d323a9222e10057397daea56616\">\n#top .av-special-heading.av-wiw5px-7d3d6d323a9222e10057397daea56616{\npadding-bottom:20px;\nfont-size:40px;\n}\n.av-special-heading.av-wiw5px-7d3d6d323a9222e10057397daea56616 .av-subheading{\nfont-size:15px;\n}\n<\/style>\n<div  class='av-special-heading av-wiw5px-7d3d6d323a9222e10057397daea56616 av-special-heading-h1 blockquote modern-quote modern-centered  avia-builder-el-3  avia-builder-el-no-sibling  av-inherit-size '><h1 class='av-special-heading-tag '  itemprop=\"headline\"  >RESTAURANT<\/h1><div class='av-subheading av-subheading_below '><p>Mit Respekt zum slowenischen gastronomischem Erbe<\/p>\n<p>Holcar-Kartoffeln, Tijek-Nudeln oder doch lieber ein Wiener Steak nach Originalrezept mit knusprigen Kartoffeln?<\/p>\n<\/div><div class='special-heading-border'><div class='special-heading-inner-border'><\/div><\/div><\/div><\/div>\n<style type=\"text\/css\" data-created_by=\"avia_inline_auto\" id=\"style-css-av-txu3v9-a4a58e8b45cde2750c9420354eb119a7\">\n#top .hr.av-txu3v9-a4a58e8b45cde2750c9420354eb119a7{\nmargin-top:0px;\nmargin-bottom:70px;\n}\n.hr.av-txu3v9-a4a58e8b45cde2750c9420354eb119a7 .hr-inner{\nwidth:50px;\nborder-color:#f8f8f8;\nmax-width:45%;\n}\n.hr.av-txu3v9-a4a58e8b45cde2750c9420354eb119a7 .av-seperator-icon{\ncolor:#6c147e;\n}\n<\/style>\n<div  class='hr av-txu3v9-a4a58e8b45cde2750c9420354eb119a7 hr-custom  avia-builder-el-4  el_after_av_one_full  el_before_av_one_half  hr-center hr-icon-yes '><span class='hr-inner inner-border-av-border-fat'><span class=\"hr-inner-style\"><\/span><\/span><span class='av-seperator-icon' aria-hidden='true' data-av_icon='\ue8ce' data-av_iconfont='entypo-fontello'><\/span><span class='hr-inner inner-border-av-border-fat'><span class=\"hr-inner-style\"><\/span><\/span><\/div>\n\n<style type=\"text\/css\" data-created_by=\"avia_inline_auto\" id=\"style-css-av-fpv1cl-d3ed39437d010f974f633b8558ec62ec\">\n.flex_column.av-fpv1cl-d3ed39437d010f974f633b8558ec62ec{\nborder-radius:0px 0px 0px 0px;\n-webkit-border-radius:0px 0px 0px 0px;\n-moz-border-radius:0px 0px 0px 0px;\n}\n<\/style>\n<div class='flex_column av-fpv1cl-d3ed39437d010f974f633b8558ec62ec av_one_half  avia-builder-el-5  el_after_av_hr  el_before_av_one_half  first flex_column_div  av-animated-generic bottom-to-top av-zero-column-padding '   ><p>\n<style type=\"text\/css\" data-created_by=\"avia_inline_auto\" id=\"style-css-av-dv14p1-a5794814fcb7ff75b11b47727960b953\">\n#top .av-special-heading.av-dv14p1-a5794814fcb7ff75b11b47727960b953{\npadding-bottom:0px;\n}\n<\/style>\n<div  class='av-special-heading av-dv14p1-a5794814fcb7ff75b11b47727960b953 av-special-heading-h3 blockquote modern-quote  avia-builder-el-6  el_before_av_textblock  avia-builder-el-first  '><h3 class='av-special-heading-tag '  itemprop=\"headline\"  >Feiern, Jubil\u00e4en, Events<\/h3><div class='special-heading-border'><div class='special-heading-inner-border'><\/div><\/div><\/div><br \/>\n<section class=\"av_textblock_section \"  itemscope=\"itemscope\" itemtype=\"https:\/\/schema.org\/CreativeWork\" ><div class='avia_textblock  '   itemprop=\"text\" ><p>Im Restaurant Verna k\u00f6nnen Sie R\u00e4umlichkeiten f\u00fcr geschlossene Gesellschaften, Feiern, Jubil\u00e4en und Hochzeiten mieten. Men\u00fcs, Buffets oder klassisch \u00e0 la carte.<\/p>\n<p>Weitere Informationen und Reservierungen unter +386 2 669 00 00 oder unter <a href=\"mailto:info@hotel-veter.si\">info@hotel-veter.si<\/a>.<\/p>\n<p><strong>\u00d6ffnungszeiten des Restaurants Verna:<br \/>\n<\/strong>Montag &#8211; Mittwoch: 10:00 &#8211; 16:00<br \/>\nDonnerstag: 10:00 &#8211; 21:00<br \/>\nFreitag: 10:00 &#8211; 23:00<br \/>\nSamstag: 12:00 &#8211; 23:00<br \/>\nSonntag: 11:00 &#8211; 17:00<\/p>\n<\/div><\/section><\/p><\/div>\n<style type=\"text\/css\" data-created_by=\"avia_inline_auto\" id=\"style-css-av-ay9hdh-bed86ff27057dc5708b2cdfa1ed59f8b\">\n.flex_column.av-ay9hdh-bed86ff27057dc5708b2cdfa1ed59f8b{\nborder-radius:0px 0px 0px 0px;\n-webkit-border-radius:0px 0px 0px 0px;\n-moz-border-radius:0px 0px 0px 0px;\n}\n<\/style>\n<div class='flex_column av-ay9hdh-bed86ff27057dc5708b2cdfa1ed59f8b av_one_half  avia-builder-el-8  el_after_av_one_half  avia-builder-el-last  flex_column_div  av-animated-generic bottom-to-top av-zero-column-padding '   ><p>\n<style type=\"text\/css\" data-created_by=\"avia_inline_auto\" id=\"style-css-av-vbupx-5eca13a2ad828cfd86213d00427593e5\">\n#top .av-special-heading.av-vbupx-5eca13a2ad828cfd86213d00427593e5{\npadding-bottom:0px;\n}\n<\/style>\n<div  class='av-special-heading av-vbupx-5eca13a2ad828cfd86213d00427593e5 av-special-heading-h3 blockquote modern-quote  avia-builder-el-9  el_before_av_textblock  avia-builder-el-first  '><h3 class='av-special-heading-tag '  itemprop=\"headline\"  >Hotelcaf\u00e9 <span class='special_amp'>\u201e<\/span>im Wind<span class='special_amp'>\u201c<\/span><\/h3><div class='special-heading-border'><div class='special-heading-inner-border'><\/div><\/div><\/div><br \/>\n<section class=\"av_textblock_section \"  itemscope=\"itemscope\" itemtype=\"https:\/\/schema.org\/CreativeWork\" ><div class='avia_textblock  '   itemprop=\"text\" ><p><strong>Toller Kaffee, eine gro\u00dfe Auswahl an Teesorten und leckere Snacks\u2026<\/strong><\/p>\n<p>Verbringen Sie einige Zeit in angenehmem Hotelambiente, lesen Sie eine Zeitung, entspannen Sie bei leiser Musik oder g\u00f6nnen Sie sich ein verf\u00fchrerisches Dessert.<\/p>\n<\/div><\/section><\/p><\/div><\/div><\/div><\/div><!-- close content main div --><\/div><div class='av-extra-border-element border-extra-arrow-down'><div class='av-extra-border-outer'><div class='av-extra-border-inner'><\/div><\/div><\/div><\/div>\n<style type=\"text\/css\" data-created_by=\"avia_inline_auto\" id=\"style-css-av-5umjjp-8439581865b08171e7dabd9d484be2ac\">\n.avia-section.av-5umjjp-8439581865b08171e7dabd9d484be2ac{\nbackground-color:#fcfcfc;\n}\n<\/style>\n<div id='av_section_3'  class='avia-section av-5umjjp-8439581865b08171e7dabd9d484be2ac main_color avia-section-large avia-no-shadow  avia-builder-el-11  el_after_av_section  el_before_av_section  avia-bg-style-scroll  container_wrap fullsize'  ><div class='container av-section-cont-open' ><div class='template-page content  av-content-full alpha units'><div class='post-entry post-entry-type-page post-entry-1125'><div class='entry-content-wrapper clearfix'>\n<div id='av-masonry-1' class='av-masonry av-40ti1x-eec12fea4de68edca210d41505d4ada8 noHover av-fixed-size av-large-gap av-hover-overlay- av-masonry-animation-active av-masonry-col-6 av-caption-always av-caption-style- av-masonry-gallery   '><div class=\"av-masonry-container isotope av-js-disabled\"><div class='av-masonry-entry isotope-item av-masonry-item-no-image '><\/div><a href=\"https:\/\/hotel-veter.si\/wp-content\/uploads\/2016\/02\/hotel-veter-kavarna-1.jpg\" data-srcset=\"https:\/\/hotel-veter.si\/wp-content\/uploads\/2016\/02\/hotel-veter-kavarna-1.jpg 1000w, https:\/\/hotel-veter.si\/wp-content\/uploads\/2016\/02\/hotel-veter-kavarna-1-300x199.jpg 300w, https:\/\/hotel-veter.si\/wp-content\/uploads\/2016\/02\/hotel-veter-kavarna-1-768x510.jpg 768w, https:\/\/hotel-veter.si\/wp-content\/uploads\/2016\/02\/hotel-veter-kavarna-1-705x468.jpg 705w, https:\/\/hotel-veter.si\/wp-content\/uploads\/2016\/02\/hotel-veter-kavarna-1-450x299.jpg 450w\" data-sizes=\"(max-width: 1000px) 100vw, 1000px\"  aria-label=\"Bild hotel-veter-kavarna\"  id='av-masonry-1-item-1011' data-av-masonry-item='1011' class='av-masonry-entry isotope-item post-1011 attachment type-attachment status-inherit hentry  av-masonry-item-with-image' title=\"hotel-veter-kavarna\" alt=\"\"   itemprop=\"thumbnailUrl\" ><div class='av-inner-masonry-sizer'><\/div><figure class='av-inner-masonry main_color'><div class=\"av-masonry-outerimage-container\"><div class='av-masonry-image-container' style=\"background-image: url(https:\/\/hotel-veter.si\/wp-content\/uploads\/2016\/02\/hotel-veter-kavarna-1-705x468.jpg);\"  title=\"hotel-veter-kavarna\"  ><\/div><\/div><\/figure><\/a><!--end av-masonry entry--><a href=\"https:\/\/hotel-veter.si\/wp-content\/uploads\/2016\/02\/hotel-veter-restavracija-2.jpg\" data-srcset=\"https:\/\/hotel-veter.si\/wp-content\/uploads\/2016\/02\/hotel-veter-restavracija-2.jpg 1000w, https:\/\/hotel-veter.si\/wp-content\/uploads\/2016\/02\/hotel-veter-restavracija-2-300x199.jpg 300w, https:\/\/hotel-veter.si\/wp-content\/uploads\/2016\/02\/hotel-veter-restavracija-2-768x510.jpg 768w, https:\/\/hotel-veter.si\/wp-content\/uploads\/2016\/02\/hotel-veter-restavracija-2-705x468.jpg 705w, https:\/\/hotel-veter.si\/wp-content\/uploads\/2016\/02\/hotel-veter-restavracija-2-450x299.jpg 450w\" data-sizes=\"(max-width: 1000px) 100vw, 1000px\"  aria-label=\"Bild hotel-veter-restavracija-2\"  id='av-masonry-1-item-1015' data-av-masonry-item='1015' class='av-masonry-entry isotope-item post-1015 attachment type-attachment status-inherit hentry  av-masonry-item-with-image' title=\"hotel-veter-restavracija-2\" alt=\"\"   itemprop=\"thumbnailUrl\" ><div class='av-inner-masonry-sizer'><\/div><figure class='av-inner-masonry main_color'><div class=\"av-masonry-outerimage-container\"><div class='av-masonry-image-container' style=\"background-image: url(https:\/\/hotel-veter.si\/wp-content\/uploads\/2016\/02\/hotel-veter-restavracija-2-705x468.jpg);\"  title=\"hotel-veter-restavracija-2\"  ><\/div><\/div><\/figure><\/a><!--end av-masonry entry--><a href=\"https:\/\/hotel-veter.si\/wp-content\/uploads\/2016\/02\/hotel-veter-restavracija-3.jpg\" data-srcset=\"https:\/\/hotel-veter.si\/wp-content\/uploads\/2016\/02\/hotel-veter-restavracija-3.jpg 800w, https:\/\/hotel-veter.si\/wp-content\/uploads\/2016\/02\/hotel-veter-restavracija-3-80x80.jpg 80w, https:\/\/hotel-veter.si\/wp-content\/uploads\/2016\/02\/hotel-veter-restavracija-3-300x300.jpg 300w, https:\/\/hotel-veter.si\/wp-content\/uploads\/2016\/02\/hotel-veter-restavracija-3-768x768.jpg 768w, https:\/\/hotel-veter.si\/wp-content\/uploads\/2016\/02\/hotel-veter-restavracija-3-36x36.jpg 36w, https:\/\/hotel-veter.si\/wp-content\/uploads\/2016\/02\/hotel-veter-restavracija-3-180x180.jpg 180w, https:\/\/hotel-veter.si\/wp-content\/uploads\/2016\/02\/hotel-veter-restavracija-3-705x705.jpg 705w, https:\/\/hotel-veter.si\/wp-content\/uploads\/2016\/02\/hotel-veter-restavracija-3-120x120.jpg 120w, https:\/\/hotel-veter.si\/wp-content\/uploads\/2016\/02\/hotel-veter-restavracija-3-450x450.jpg 450w\" data-sizes=\"(max-width: 800px) 100vw, 800px\"  aria-label=\"Bild hotel-veter-restavracija-3\"  id='av-masonry-1-item-1017' data-av-masonry-item='1017' class='av-masonry-entry isotope-item post-1017 attachment type-attachment status-inherit hentry  av-masonry-item-with-image' title=\"hotel-veter-restavracija-3\" alt=\"\"   itemprop=\"thumbnailUrl\" ><div class='av-inner-masonry-sizer'><\/div><figure class='av-inner-masonry main_color'><div class=\"av-masonry-outerimage-container\"><div class='av-masonry-image-container' style=\"background-image: url(https:\/\/hotel-veter.si\/wp-content\/uploads\/2016\/02\/hotel-veter-restavracija-3-705x705.jpg);\"  title=\"hotel-veter-restavracija-3\"  ><\/div><\/div><\/figure><\/a><!--end av-masonry entry--><a href=\"https:\/\/hotel-veter.si\/wp-content\/uploads\/2016\/02\/hotel-veter-restavracija-4.jpg\" data-srcset=\"https:\/\/hotel-veter.si\/wp-content\/uploads\/2016\/02\/hotel-veter-restavracija-4.jpg 1000w, https:\/\/hotel-veter.si\/wp-content\/uploads\/2016\/02\/hotel-veter-restavracija-4-300x199.jpg 300w, https:\/\/hotel-veter.si\/wp-content\/uploads\/2016\/02\/hotel-veter-restavracija-4-768x510.jpg 768w, https:\/\/hotel-veter.si\/wp-content\/uploads\/2016\/02\/hotel-veter-restavracija-4-705x468.jpg 705w, https:\/\/hotel-veter.si\/wp-content\/uploads\/2016\/02\/hotel-veter-restavracija-4-450x299.jpg 450w\" data-sizes=\"(max-width: 1000px) 100vw, 1000px\"  aria-label=\"Bild hotel-veter-restavracija-4\"  id='av-masonry-1-item-1019' data-av-masonry-item='1019' class='av-masonry-entry isotope-item post-1019 attachment type-attachment status-inherit hentry  av-masonry-item-with-image' title=\"hotel-veter-restavracija-4\" alt=\"\"   itemprop=\"thumbnailUrl\" ><div class='av-inner-masonry-sizer'><\/div><figure class='av-inner-masonry main_color'><div class=\"av-masonry-outerimage-container\"><div class='av-masonry-image-container' style=\"background-image: url(https:\/\/hotel-veter.si\/wp-content\/uploads\/2016\/02\/hotel-veter-restavracija-4-705x468.jpg);\"  title=\"hotel-veter-restavracija-4\"  ><\/div><\/div><\/figure><\/a><!--end av-masonry entry--><a href=\"https:\/\/hotel-veter.si\/wp-content\/uploads\/2016\/02\/hotel-veter-restavracija-5.jpg\" data-srcset=\"https:\/\/hotel-veter.si\/wp-content\/uploads\/2016\/02\/hotel-veter-restavracija-5.jpg 1000w, https:\/\/hotel-veter.si\/wp-content\/uploads\/2016\/02\/hotel-veter-restavracija-5-300x240.jpg 300w, https:\/\/hotel-veter.si\/wp-content\/uploads\/2016\/02\/hotel-veter-restavracija-5-768x614.jpg 768w, https:\/\/hotel-veter.si\/wp-content\/uploads\/2016\/02\/hotel-veter-restavracija-5-705x564.jpg 705w, https:\/\/hotel-veter.si\/wp-content\/uploads\/2016\/02\/hotel-veter-restavracija-5-450x360.jpg 450w\" data-sizes=\"(max-width: 1000px) 100vw, 1000px\"  aria-label=\"Bild hotel-veter-restavracija-5\"  id='av-masonry-1-item-1021' data-av-masonry-item='1021' class='av-masonry-entry isotope-item post-1021 attachment type-attachment status-inherit hentry  av-masonry-item-with-image' title=\"hotel-veter-restavracija-5\" alt=\"\"   itemprop=\"thumbnailUrl\" ><div class='av-inner-masonry-sizer'><\/div><figure class='av-inner-masonry main_color'><div class=\"av-masonry-outerimage-container\"><div class='av-masonry-image-container' style=\"background-image: url(https:\/\/hotel-veter.si\/wp-content\/uploads\/2016\/02\/hotel-veter-restavracija-5-705x564.jpg);\"  title=\"hotel-veter-restavracija-5\"  ><\/div><\/div><\/figure><\/a><!--end av-masonry entry--><a href=\"https:\/\/hotel-veter.si\/wp-content\/uploads\/2016\/02\/hotel-veter-restavracija-6.jpg\" data-srcset=\"https:\/\/hotel-veter.si\/wp-content\/uploads\/2016\/02\/hotel-veter-restavracija-6.jpg 1000w, https:\/\/hotel-veter.si\/wp-content\/uploads\/2016\/02\/hotel-veter-restavracija-6-300x199.jpg 300w, https:\/\/hotel-veter.si\/wp-content\/uploads\/2016\/02\/hotel-veter-restavracija-6-768x510.jpg 768w, https:\/\/hotel-veter.si\/wp-content\/uploads\/2016\/02\/hotel-veter-restavracija-6-705x468.jpg 705w, https:\/\/hotel-veter.si\/wp-content\/uploads\/2016\/02\/hotel-veter-restavracija-6-450x299.jpg 450w\" data-sizes=\"(max-width: 1000px) 100vw, 1000px\"  aria-label=\"Bild hotel-veter-restavracija-6\"  id='av-masonry-1-item-1023' data-av-masonry-item='1023' class='av-masonry-entry isotope-item post-1023 attachment type-attachment status-inherit hentry  av-masonry-item-with-image' title=\"hotel-veter-restavracija-6\" alt=\"\"   itemprop=\"thumbnailUrl\" ><div class='av-inner-masonry-sizer'><\/div><figure class='av-inner-masonry main_color'><div class=\"av-masonry-outerimage-container\"><div class='av-masonry-image-container' style=\"background-image: url(https:\/\/hotel-veter.si\/wp-content\/uploads\/2016\/02\/hotel-veter-restavracija-6-705x468.jpg);\"  title=\"hotel-veter-restavracija-6\"  ><\/div><\/div><\/figure><\/a><!--end av-masonry entry--><\/div><\/div>\n<\/p>\n<\/div><\/div><\/div><!-- close content main div --><\/div><\/div>\n<style type=\"text\/css\" data-created_by=\"avia_inline_auto\" id=\"style-css-av-13oc5-cadebcc9e8738e4d4d0fd8eef1b19f5f\">\n.avia-section.av-13oc5-cadebcc9e8738e4d4d0fd8eef1b19f5f{\nbackground-repeat:no-repeat;\nbackground-image:url(https:\/\/hotel-veter.si\/wp-content\/uploads\/2016\/02\/hotel-veter-kavarna.jpg);\nbackground-position:50% 50%;\nbackground-attachment:fixed;\n}\n.avia-section.av-13oc5-cadebcc9e8738e4d4d0fd8eef1b19f5f .av-section-color-overlay{\nopacity:0.5;\nbackground-color:#000000;\n}\n<\/style>\n<div id='av_section_4'  class='avia-section av-13oc5-cadebcc9e8738e4d4d0fd8eef1b19f5f main_color avia-section-default avia-no-border-styling  avia-builder-el-13  el_after_av_section  avia-builder-el-last  avia-full-stretch avia-bg-style-fixed av-section-color-overlay-active  av-minimum-height av-minimum-height-custom  container_wrap fullsize'  data-section-bg-repeat='stretch'><div class='av-section-color-overlay-wrap'><div class=\"av-section-color-overlay\"><\/div><div class='container av-section-cont-open' style='height:400px'><div class='template-page content  av-content-full alpha units'><div class='post-entry post-entry-type-page post-entry-1125'><div class='entry-content-wrapper clearfix'>\n","protected":false},"excerpt":{"rendered":"","protected":false},"author":1,"featured_media":0,"parent":0,"menu_order":0,"comment_status":"closed","ping_status":"closed","template":"","meta":[],"yoast_head":"<!-- This site is optimized with the Yoast SEO plugin v17.6 - https:\/\/yoast.com\/wordpress\/plugins\/seo\/ -->\n<title>RESTAURANT - Hotel Veter ***<\/title>\n<meta name=\"robots\" content=\"index, follow, max-snippet:-1, max-image-preview:large, max-video-preview:-1\" \/>\n<link rel=\"canonical\" href=\"https:\/\/hotel-veter.si\/de\/restaurant\/\" \/>\n<meta property=\"og:locale\" content=\"de_DE\" \/>\n<meta property=\"og:type\" content=\"article\" \/>\n<meta property=\"og:title\" content=\"RESTAURANT - Hotel Veter ***\" \/>\n<meta property=\"og:url\" content=\"https:\/\/hotel-veter.si\/de\/restaurant\/\" \/>\n<meta property=\"og:site_name\" content=\"Hotel Veter ***\" \/>\n<meta property=\"article:publisher\" content=\"https:\/\/www.facebook.com\/veter.vetrnica.1\/\" \/>\n<meta property=\"article:modified_time\" content=\"2022-12-13T10:38:15+00:00\" \/>\n<meta name=\"twitter:card\" content=\"summary\" \/>\n<meta name=\"twitter:label1\" content=\"Gesch\u00e4tzte Lesezeit\" \/>\n\t<meta name=\"twitter:data1\" content=\"6\u00a0Minuten\" \/>\n<script type=\"application\/ld+json\" class=\"yoast-schema-graph\">{\"@context\":\"https:\/\/schema.org\",\"@graph\":[{\"@type\":\"WebSite\",\"@id\":\"https:\/\/hotel-veter.si\/#website\",\"url\":\"https:\/\/hotel-veter.si\/\",\"name\":\"Hotel Veter ***\",\"description\":\"Zajemite sapo pod Pohorjem!\",\"potentialAction\":[{\"@type\":\"SearchAction\",\"target\":{\"@type\":\"EntryPoint\",\"urlTemplate\":\"https:\/\/hotel-veter.si\/?s={search_term_string}\"},\"query-input\":\"required name=search_term_string\"}],\"inLanguage\":\"de\"},{\"@type\":\"WebPage\",\"@id\":\"https:\/\/hotel-veter.si\/de\/restaurant\/#webpage\",\"url\":\"https:\/\/hotel-veter.si\/de\/restaurant\/\",\"name\":\"RESTAURANT - Hotel Veter ***\",\"isPartOf\":{\"@id\":\"https:\/\/hotel-veter.si\/#website\"},\"datePublished\":\"2021-11-23T15:10:00+00:00\",\"dateModified\":\"2022-12-13T10:38:15+00:00\",\"breadcrumb\":{\"@id\":\"https:\/\/hotel-veter.si\/de\/restaurant\/#breadcrumb\"},\"inLanguage\":\"de\",\"potentialAction\":[{\"@type\":\"ReadAction\",\"target\":[\"https:\/\/hotel-veter.si\/de\/restaurant\/\"]}]},{\"@type\":\"BreadcrumbList\",\"@id\":\"https:\/\/hotel-veter.si\/de\/restaurant\/#breadcrumb\",\"itemListElement\":[{\"@type\":\"ListItem\",\"position\":1,\"name\":\"Home\",\"item\":\"https:\/\/hotel-veter.si\/de\/willkommen\/\"},{\"@type\":\"ListItem\",\"position\":2,\"name\":\"RESTAURANT\"}]}]}<\/script>\n<!-- \/ Yoast SEO plugin. -->","yoast_head_json":{"title":"RESTAURANT - Hotel Veter ***","robots":{"index":"index","follow":"follow","max-snippet":"max-snippet:-1","max-image-preview":"max-image-preview:large","max-video-preview":"max-video-preview:-1"},"canonical":"https:\/\/hotel-veter.si\/de\/restaurant\/","og_locale":"de_DE","og_type":"article","og_title":"RESTAURANT - Hotel Veter ***","og_url":"https:\/\/hotel-veter.si\/de\/restaurant\/","og_site_name":"Hotel Veter ***","article_publisher":"https:\/\/www.facebook.com\/veter.vetrnica.1\/","article_modified_time":"2022-12-13T10:38:15+00:00","twitter_card":"summary","twitter_misc":{"Gesch\u00e4tzte Lesezeit":"6\u00a0Minuten"},"schema":{"@context":"https:\/\/schema.org","@graph":[{"@type":"WebSite","@id":"https:\/\/hotel-veter.si\/#website","url":"https:\/\/hotel-veter.si\/","name":"Hotel Veter ***","description":"Zajemite sapo pod Pohorjem!","potentialAction":[{"@type":"SearchAction","target":{"@type":"EntryPoint","urlTemplate":"https:\/\/hotel-veter.si\/?s={search_term_string}"},"query-input":"required name=search_term_string"}],"inLanguage":"de"},{"@type":"WebPage","@id":"https:\/\/hotel-veter.si\/de\/restaurant\/#webpage","url":"https:\/\/hotel-veter.si\/de\/restaurant\/","name":"RESTAURANT - Hotel Veter ***","isPartOf":{"@id":"https:\/\/hotel-veter.si\/#website"},"datePublished":"2021-11-23T15:10:00+00:00","dateModified":"2022-12-13T10:38:15+00:00","breadcrumb":{"@id":"https:\/\/hotel-veter.si\/de\/restaurant\/#breadcrumb"},"inLanguage":"de","potentialAction":[{"@type":"ReadAction","target":["https:\/\/hotel-veter.si\/de\/restaurant\/"]}]},{"@type":"BreadcrumbList","@id":"https:\/\/hotel-veter.si\/de\/restaurant\/#breadcrumb","itemListElement":[{"@type":"ListItem","position":1,"name":"Home","item":"https:\/\/hotel-veter.si\/de\/willkommen\/"},{"@type":"ListItem","position":2,"name":"RESTAURANT"}]}]}},"_links":{"self":[{"href":"https:\/\/hotel-veter.si\/de\/wp-json\/wp\/v2\/pages\/1125"}],"collection":[{"href":"https:\/\/hotel-veter.si\/de\/wp-json\/wp\/v2\/pages"}],"about":[{"href":"https:\/\/hotel-veter.si\/de\/wp-json\/wp\/v2\/types\/page"}],"author":[{"embeddable":true,"href":"https:\/\/hotel-veter.si\/de\/wp-json\/wp\/v2\/users\/1"}],"replies":[{"embeddable":true,"href":"https:\/\/hotel-veter.si\/de\/wp-json\/wp\/v2\/comments?post=1125"}],"version-history":[{"count":13,"href":"https:\/\/hotel-veter.si\/de\/wp-json\/wp\/v2\/pages\/1125\/revisions"}],"predecessor-version":[{"id":1233,"href":"https:\/\/hotel-veter.si\/de\/wp-json\/wp\/v2\/pages\/1125\/revisions\/1233"}],"wp:attachment":[{"href":"https:\/\/hotel-veter.si\/de\/wp-json\/wp\/v2\/media?parent=1125"}],"curies":[{"name":"wp","href":"https:\/\/api.w.org\/{rel}","templated":true}]}}