{"id":1115,"date":"2021-11-23T16:07:43","date_gmt":"2021-11-23T15:07:43","guid":{"rendered":"https:\/\/hotel-veter.si\/?page_id=1115"},"modified":"2021-11-25T15:16:03","modified_gmt":"2021-11-25T14:16:03","slug":"kontakt","status":"publish","type":"page","link":"https:\/\/hotel-veter.si\/de\/kontakt\/","title":{"rendered":"KONTAKT"},"content":{"rendered":"\n<style type=\"text\/css\" data-created_by=\"avia_inline_auto\" id=\"style-css-av-3dh2oc-c4f5baf688009a9f17e946d16d49a778\">\n.avia-section.av-3dh2oc-c4f5baf688009a9f17e946d16d49a778{\nbackground-repeat:no-repeat;\nbackground-image:url(https:\/\/hotel-veter.si\/wp-content\/uploads\/2015\/07\/hotel-veter-kontakt.jpg);\nbackground-position:50% 50%;\nbackground-attachment:scroll;\n}\n<\/style>\n<div id='av_section_1'  class='avia-section av-3dh2oc-c4f5baf688009a9f17e946d16d49a778 main_color avia-section-no-padding avia-no-border-styling  avia-builder-el-0  el_before_av_section  avia-builder-el-first  avia-full-stretch avia-bg-style-scroll  container_wrap fullsize'  data-section-bg-repeat='stretch'><div class='container av-section-cont-open' ><main  role=\"main\" itemprop=\"mainContentOfPage\"  class='template-page content  av-content-full alpha units'><div class='post-entry post-entry-type-page post-entry-1115'><div class='entry-content-wrapper clearfix'>\n\n<style type=\"text\/css\" data-created_by=\"avia_inline_auto\" id=\"style-css-av-38wt3g-4a7fd22c9758a484b935e5dad7dc8878\">\n#top .hr.hr-invisible.av-38wt3g-4a7fd22c9758a484b935e5dad7dc8878{\nheight:20px;\n}\n<\/style>\n<div  class='hr av-38wt3g-4a7fd22c9758a484b935e5dad7dc8878 hr-invisible  avia-builder-el-1  el_before_av_one_full  avia-builder-el-first  '><span class='hr-inner '><span class=\"hr-inner-style\"><\/span><\/span><\/div>\n\n<style type=\"text\/css\" data-created_by=\"avia_inline_auto\" id=\"style-css-av-31p86s-8996cc4400e91505c4fa3ec0df8836a3\">\n.flex_column.av-31p86s-8996cc4400e91505c4fa3ec0df8836a3{\nborder-radius:0px 0px 0px 0px;\n-webkit-border-radius:0px 0px 0px 0px;\n-moz-border-radius:0px 0px 0px 0px;\npadding:50px 50px 50px 50px;\nbackground-color:rgba(255,255,255,0.6);\n}\n<\/style>\n<div class='flex_column av-31p86s-8996cc4400e91505c4fa3ec0df8836a3 av_one_full  avia-builder-el-2  el_after_av_hr  avia-builder-el-last  first flex_column_div  av-animated-generic bottom-to-top avia-full-stretch '   ><p><form action=\"https:\/\/hotel-veter.si\/de\/kontakt\/\" method=\"post\"  class=\"avia_ajax_form av-form-labels-hidden   avia-builder-el-3  el_before_av_hr  avia-builder-el-first   \" data-avia-form-id=\"1\" data-avia-redirect='' ><fieldset><p class='  first_form  form_element form_element_third' id='element_avia_1_1'><label for=\"avia_1_1\">Vorname und Nachname <abbr class=\"required\" title=\"ben\u00f6tigt\">*<\/abbr><\/label> <input name=\"avia_1_1\" class=\"text_input is_empty\" type=\"text\" id=\"avia_1_1\" value=\"\"  placeholder='Vorname und Nachname*'\/><\/p><p class='  form_element form_element_third' id='element_avia_2_1'><label for=\"avia_2_1\">E-Mail <abbr class=\"required\" title=\"ben\u00f6tigt\">*<\/abbr><\/label> <input name=\"avia_2_1\" class=\"text_input is_email\" type=\"text\" id=\"avia_2_1\" value=\"\"  placeholder='E-Mail*'\/><\/p><p class='  form_element form_element_third' id='element_avia_3_1'><label for=\"avia_3_1\">Betreff<\/label> <input name=\"avia_3_1\" class=\"text_input \" type=\"text\" id=\"avia_3_1\" value=\"\"  placeholder='Betreff'\/><\/p><p class=' first_form  form_element form_element_half' id='element_avia_4_1'><label for=\"avia_4_1\">Anreisedatum <abbr class=\"required\" title=\"ben\u00f6tigt\">*<\/abbr><\/label> <input name=\"avia_4_1\" class=\"avia_datepicker text_input is_empty\" type=\"text\" id=\"avia_4_1\" value=\"\" placeholder=\"Anreisedatum*\" \/><\/p><p class=' form_element form_element_half' id='element_avia_5_1'><label for=\"avia_5_1\">Abreisedatum <abbr class=\"required\" title=\"ben\u00f6tigt\">*<\/abbr><\/label> <input name=\"avia_5_1\" class=\"avia_datepicker text_input is_empty\" type=\"text\" id=\"avia_5_1\" value=\"\" placeholder=\"Abreisedatum*\" \/><\/p><p class=' first_form  form_element form_element_half' id='element_avia_6_1'><label for=\"avia_6_1\">Anzahl Kinder (bis 6 Jahre) <abbr class=\"required\" title=\"ben\u00f6tigt\">*<\/abbr><\/label> <select  name=\"avia_6_1\" class=\"select is_empty\" id=\"avia_6_1\"><option  value =''>Anzahl Kinder (bis 6 Jahre)*<\/option><option  value ='1'>1<\/option><option  value ='2'>2<\/option><option  value ='3'>3<\/option><option  value ='4'>4<\/option><option  value ='5'>5<\/option><option  value ='6'>6<\/option><option  value ='7'>7<\/option><option  value ='8'>8<\/option><option  value ='9'>9<\/option><option  value ='10'>10<\/option><option  value ='11'>11<\/option><option  value ='12'>12<\/option><\/select><\/p><p class=' form_element form_element_half' id='element_avia_7_1'><label for=\"avia_7_1\">Anzahl Kinder (bis 12 Jahre) <abbr class=\"required\" title=\"ben\u00f6tigt\">*<\/abbr><\/label> <select  name=\"avia_7_1\" class=\"select is_empty\" id=\"avia_7_1\"><option  value =''>Anzahl Kinder (bis 12 Jahre)*<\/option><option  value ='1'>1<\/option><option  value ='2'>2<\/option><option  value ='3'>3<\/option><option  value ='4'>4<\/option><option  value ='5'>5<\/option><option  value ='6'>6<\/option><option  value ='7'>7<\/option><option  value ='8'>8<\/option><option  value ='9'>9<\/option><option  value ='10'>10<\/option><option  value ='11'>11<\/option><option  value ='12'>12<\/option><\/select><\/p><p class=' first_form  form_element form_fullwidth av-last-visible-form-element' id='element_avia_8_1'><label for=\"avia_8_1\">Art der Unterbringung <abbr class=\"required\" title=\"ben\u00f6tigt\">*<\/abbr><\/label> <select  name=\"avia_8_1\" class=\"select is_empty\" id=\"avia_8_1\"><option  value =''>Art der Unterbringung*<\/option><option  value ='Zimmer f\u00fcr zwei - getrenntes Bett'>Zimmer f\u00fcr zwei - getrenntes Bett<\/option><option  value ='Zimmer f\u00fcr zwei - Doppelbett'>Zimmer f\u00fcr zwei - Doppelbett<\/option><option  value ='Zimmer f\u00fcr zwei - f\u00fcr Sportler'>Zimmer f\u00fcr zwei - f\u00fcr Sportler<\/option><option  value ='Zimmer f\u00fcr zwei - f\u00fcr Gesch\u00e4ftsreisende'>Zimmer f\u00fcr zwei - f\u00fcr Gesch\u00e4ftsreisende<\/option><option  value ='Apartment 2 + 2'>Apartment 2 + 2<\/option><option  value ='Apartment 4 + 2'>Apartment 4 + 2<\/option><option  value ='Apartment 2 + 2 Wellness'>Apartment 2 + 2 Wellness<\/option><\/select><\/p><p class=\"hidden\"><input type=\"text\" name=\"avia_9_1\" class=\"hidden \" id=\"avia_9_1\" value=\"\" \/><\/p><p class=\"form_element \"><input type=\"hidden\" value=\"1\" name=\"avia_generated_form1\" \/><input type=\"submit\" value=\"Anfrage absenden\" class=\"button\"  data-sending-label=\"Sende\"\/><\/p><\/fieldset><\/form><div id=\"ajaxresponse_1\" class=\"ajaxresponse ajaxresponse_1 hidden\"><\/div><br \/>\n\n<style type=\"text\/css\" data-created_by=\"avia_inline_auto\" id=\"style-css-av-1etppw-4cd3ff0733089fb43ef76e87b64a3042\">\n#top .hr.hr-invisible.av-1etppw-4cd3ff0733089fb43ef76e87b64a3042{\nheight:60px;\n}\n<\/style>\n<div  class='hr av-1etppw-4cd3ff0733089fb43ef76e87b64a3042 hr-invisible  avia-builder-el-4  el_after_av_contact  avia-builder-el-last  '><span class='hr-inner '><span class=\"hr-inner-style\"><\/span><\/span><\/div><\/p><\/div><\/div><\/div><\/main><!-- close content main element --><\/div><\/div>\n<style type=\"text\/css\" data-created_by=\"avia_inline_auto\" id=\"style-css-av-173910-ca14af15d84f472ebd525dbff07b773d\">\n.avia-section.av-173910-ca14af15d84f472ebd525dbff07b773d .av-extra-border-element .av-extra-border-inner{\nbackground-color:#ffffff;\n}\n<\/style>\n<div id='av_section_2'  class='avia-section av-173910-ca14af15d84f472ebd525dbff07b773d main_color avia-section-huge avia-no-border-styling  avia-builder-el-5  el_after_av_section  avia-builder-el-last  avia-bg-style-scroll  av-arrow-down-section container_wrap fullsize'  ><div class='container av-section-cont-open' ><div class='template-page content  av-content-full alpha units'><div class='post-entry post-entry-type-page post-entry-1115'><div class='entry-content-wrapper clearfix'>\n\n<style type=\"text\/css\" data-created_by=\"avia_inline_auto\" id=\"style-css-av-15hbdo-7782ea6db94164dad8cd1995653d6b06\">\n#top .flex_column.av-15hbdo-7782ea6db94164dad8cd1995653d6b06{\nmargin-top:-200px;\nmargin-bottom:0px;\n}\n.flex_column.av-15hbdo-7782ea6db94164dad8cd1995653d6b06{\nborder-radius:0px 0px 0px 0px;\n-webkit-border-radius:0px 0px 0px 0px;\n-moz-border-radius:0px 0px 0px 0px;\npadding:30px 30px 30px 30px;\nbackground-color:#ffffff;\n}\n<\/style>\n<div class='flex_column av-15hbdo-7782ea6db94164dad8cd1995653d6b06 av_one_full  avia-builder-el-6  el_before_av_hr  avia-builder-el-first  first flex_column_div '   ><style type=\"text\/css\" data-created_by=\"avia_inline_auto\" id=\"style-css-av-xay5o-2dfa57fa71e92f9d400cb0351a034eaf\">\n#top .av-special-heading.av-xay5o-2dfa57fa71e92f9d400cb0351a034eaf{\npadding-bottom:20px;\nfont-size:40px;\n}\n<\/style>\n<div  class='av-special-heading av-xay5o-2dfa57fa71e92f9d400cb0351a034eaf av-special-heading-h1 blockquote modern-quote modern-centered  avia-builder-el-7  avia-builder-el-no-sibling  av-inherit-size '><h1 class='av-special-heading-tag '  itemprop=\"headline\"  >Sie wissen nicht, wie und was Sie buchen sollen? Senden Sie uns eine Anfrage un wir helfen Ihnen gerne weiter.<\/h1><div class='special-heading-border'><div class='special-heading-inner-border'><\/div><\/div><\/div><\/div>\n<style type=\"text\/css\" data-created_by=\"avia_inline_auto\" id=\"style-css-av-p7e0k-67c9e0b6c56b80fdef616c04015dbb7e\">\n#top .hr.av-p7e0k-67c9e0b6c56b80fdef616c04015dbb7e{\nmargin-top:0px;\nmargin-bottom:70px;\n}\n.hr.av-p7e0k-67c9e0b6c56b80fdef616c04015dbb7e .hr-inner{\nwidth:50px;\nborder-color:#f8f8f8;\nmax-width:45%;\n}\n.hr.av-p7e0k-67c9e0b6c56b80fdef616c04015dbb7e .av-seperator-icon{\ncolor:#e5c80c;\n}\n<\/style>\n<div  class='hr av-p7e0k-67c9e0b6c56b80fdef616c04015dbb7e hr-custom  avia-builder-el-8  el_after_av_one_full  el_before_av_one_full  hr-center hr-icon-yes '><span class='hr-inner inner-border-av-border-fat'><span class=\"hr-inner-style\"><\/span><\/span><span class='av-seperator-icon' aria-hidden='true' data-av_icon='\ue8ce' data-av_iconfont='entypo-fontello'><\/span><span class='hr-inner inner-border-av-border-fat'><span class=\"hr-inner-style\"><\/span><\/span><\/div>\n\n<style type=\"text\/css\" data-created_by=\"avia_inline_auto\" id=\"style-css-av-jf0h0-785beee3e022dbf77139644402aee1f8\">\n.flex_column.av-jf0h0-785beee3e022dbf77139644402aee1f8{\nborder-radius:0px 0px 0px 0px;\n-webkit-border-radius:0px 0px 0px 0px;\n-moz-border-radius:0px 0px 0px 0px;\n}\n<\/style>\n<div class='flex_column av-jf0h0-785beee3e022dbf77139644402aee1f8 av_one_full  avia-builder-el-9  el_after_av_hr  avia-builder-el-last  first flex_column_div  av-animated-generic bottom-to-top av-zero-column-padding '   ><p>\n<style type=\"text\/css\" data-created_by=\"avia_inline_auto\" id=\"style-css-av-e6eck-8cbf6227288502b6e68829237735d450\">\n#top .av-special-heading.av-e6eck-8cbf6227288502b6e68829237735d450{\npadding-bottom:0px;\n}\n<\/style>\n<div  class='av-special-heading av-e6eck-8cbf6227288502b6e68829237735d450 av-special-heading-h3 blockquote modern-quote  avia-builder-el-10  el_before_av_textblock  avia-builder-el-first  '><h3 class='av-special-heading-tag '  itemprop=\"headline\"  >Wie erreichen Sie uns?<\/h3><div class='special-heading-border'><div class='special-heading-inner-border'><\/div><\/div><\/div><br \/>\n<section class=\"av_textblock_section \"  itemscope=\"itemscope\" itemtype=\"https:\/\/schema.org\/CreativeWork\" ><div class='avia_textblock  '   itemprop=\"text\" ><p><strong>Mit dem Auto<\/strong><\/p>\n<p><em>Anfahrt aus Richtung Ljubljana<\/em><br \/>\nVon Ljubljana auf die Autobahn A1 in Richtung Maribor. Vor Maribor nehmen Sie die Ausfahrt Maribor-S\u00fcd in Richtung \u00d6sterreich &#8211; Ungarn &#8211; \u0160entilj. Fahren Sie weiter auf der Stra\u00dfe Nr. 430 in Richtung Maribor. An der Kreuzung beim Bauhaus biegen Sie links in Richtung Razvanje &#8211; Radvanje &#8211; Pohorje ab. Folgen Sie der Beschilderung Pekre &#8211; Limbu\u0161 &#8211; Ru\u0161e. Am Kreisverkehr in Limbu\u0161 biegen Sie in Richtung Ru\u0161e ab und fahren 5 Kilometer weiter. Gleich am Anfang von Ru\u0161e befindet sich unser Hotel auf der rechten Stra\u00dfenseite.<\/p>\n<p><em>Anfahrt aus Richtung Graz<\/em><br \/>\nVon Graz aus nehmen Sie die A9 \/ E57 in Richtung Slowenien (ca. 42 km). Weiter auf der Stra\u00dfe A1 \/ E57 \/ E59 (ca. 11 km). Fahren Sie auf der Stra\u00dfe E57 \/ E59 \/ H2 weiter und w\u00e4hlen Sie dann die Verbindung Zagreb, Ptuj, Ru\u0161e, Dravograd. Biegen Sie rechts auf die Ptujska cesta ab und fahren Sie \u00fcber die Kreuzung auf der Stra\u00dfe der Brigade Proletarski (ca. 2 km). Nehmen Sie am Kreisverkehr die 1. Ausfahrt und fahren Sie bis zum zweiten Kreisverkehr. Fahren Sie weiter und w\u00e4hlen Sie die Ausfahrt Limbu\u0161ka cesta. Weiter durch Limbu\u0161, Laznica, Bistrica ob Dravi, Bezena. Kurz vor Ru\u0161e liegt rechts das Hotel Veter.<\/p>\n<p><strong>Mit dem Zug<\/strong><\/p>\n<p>Am Bahnhof Maribor nehmen Sie den Zug nach Ru\u0161e. Steigen Sie am Bahnhof Ru\u0161e aus. Das Hotel liegt etwa 1 km vom Bahnhof entfernt.<\/p>\n<p><strong>Mit Bus:<\/strong><\/p>\n<p>Vom Busbahnhof Maribor nehmen Sie den Bus nach Ru\u0161e. Der Busbahnhof befindet sich in unmittelbarer N\u00e4he des Hotels.<\/p>\n<\/div><\/section><\/p><\/div>\n<\/p>\n","protected":false},"excerpt":{"rendered":"","protected":false},"author":1,"featured_media":0,"parent":0,"menu_order":0,"comment_status":"open","ping_status":"closed","template":"","meta":[],"yoast_head":"<!-- This site is optimized with the Yoast SEO plugin v17.6 - https:\/\/yoast.com\/wordpress\/plugins\/seo\/ -->\n<title>KONTAKT - Hotel Veter ***<\/title>\n<meta name=\"robots\" content=\"index, follow, max-snippet:-1, max-image-preview:large, max-video-preview:-1\" \/>\n<link rel=\"canonical\" href=\"https:\/\/hotel-veter.si\/de\/kontakt\/\" \/>\n<meta property=\"og:locale\" content=\"de_DE\" \/>\n<meta property=\"og:type\" content=\"article\" \/>\n<meta property=\"og:title\" content=\"KONTAKT - Hotel Veter ***\" \/>\n<meta property=\"og:url\" content=\"https:\/\/hotel-veter.si\/de\/kontakt\/\" \/>\n<meta property=\"og:site_name\" content=\"Hotel Veter ***\" \/>\n<meta property=\"article:publisher\" content=\"https:\/\/www.facebook.com\/veter.vetrnica.1\/\" \/>\n<meta property=\"article:modified_time\" content=\"2021-11-25T14:16:03+00:00\" \/>\n<meta name=\"twitter:card\" content=\"summary\" \/>\n<meta name=\"twitter:label1\" content=\"Gesch\u00e4tzte Lesezeit\" \/>\n\t<meta name=\"twitter:data1\" content=\"7\u00a0Minuten\" \/>\n<script type=\"application\/ld+json\" class=\"yoast-schema-graph\">{\"@context\":\"https:\/\/schema.org\",\"@graph\":[{\"@type\":\"WebSite\",\"@id\":\"https:\/\/hotel-veter.si\/#website\",\"url\":\"https:\/\/hotel-veter.si\/\",\"name\":\"Hotel Veter ***\",\"description\":\"Zajemite sapo pod Pohorjem!\",\"potentialAction\":[{\"@type\":\"SearchAction\",\"target\":{\"@type\":\"EntryPoint\",\"urlTemplate\":\"https:\/\/hotel-veter.si\/?s={search_term_string}\"},\"query-input\":\"required name=search_term_string\"}],\"inLanguage\":\"de\"},{\"@type\":\"WebPage\",\"@id\":\"https:\/\/hotel-veter.si\/de\/kontakt\/#webpage\",\"url\":\"https:\/\/hotel-veter.si\/de\/kontakt\/\",\"name\":\"KONTAKT - Hotel Veter ***\",\"isPartOf\":{\"@id\":\"https:\/\/hotel-veter.si\/#website\"},\"datePublished\":\"2021-11-23T15:07:43+00:00\",\"dateModified\":\"2021-11-25T14:16:03+00:00\",\"breadcrumb\":{\"@id\":\"https:\/\/hotel-veter.si\/de\/kontakt\/#breadcrumb\"},\"inLanguage\":\"de\",\"potentialAction\":[{\"@type\":\"ReadAction\",\"target\":[\"https:\/\/hotel-veter.si\/de\/kontakt\/\"]}]},{\"@type\":\"BreadcrumbList\",\"@id\":\"https:\/\/hotel-veter.si\/de\/kontakt\/#breadcrumb\",\"itemListElement\":[{\"@type\":\"ListItem\",\"position\":1,\"name\":\"Home\",\"item\":\"https:\/\/hotel-veter.si\/de\/willkommen\/\"},{\"@type\":\"ListItem\",\"position\":2,\"name\":\"KONTAKT\"}]}]}<\/script>\n<!-- \/ Yoast SEO plugin. -->","yoast_head_json":{"title":"KONTAKT - Hotel Veter ***","robots":{"index":"index","follow":"follow","max-snippet":"max-snippet:-1","max-image-preview":"max-image-preview:large","max-video-preview":"max-video-preview:-1"},"canonical":"https:\/\/hotel-veter.si\/de\/kontakt\/","og_locale":"de_DE","og_type":"article","og_title":"KONTAKT - Hotel Veter ***","og_url":"https:\/\/hotel-veter.si\/de\/kontakt\/","og_site_name":"Hotel Veter ***","article_publisher":"https:\/\/www.facebook.com\/veter.vetrnica.1\/","article_modified_time":"2021-11-25T14:16:03+00:00","twitter_card":"summary","twitter_misc":{"Gesch\u00e4tzte Lesezeit":"7\u00a0Minuten"},"schema":{"@context":"https:\/\/schema.org","@graph":[{"@type":"WebSite","@id":"https:\/\/hotel-veter.si\/#website","url":"https:\/\/hotel-veter.si\/","name":"Hotel Veter ***","description":"Zajemite sapo pod Pohorjem!","potentialAction":[{"@type":"SearchAction","target":{"@type":"EntryPoint","urlTemplate":"https:\/\/hotel-veter.si\/?s={search_term_string}"},"query-input":"required name=search_term_string"}],"inLanguage":"de"},{"@type":"WebPage","@id":"https:\/\/hotel-veter.si\/de\/kontakt\/#webpage","url":"https:\/\/hotel-veter.si\/de\/kontakt\/","name":"KONTAKT - Hotel Veter ***","isPartOf":{"@id":"https:\/\/hotel-veter.si\/#website"},"datePublished":"2021-11-23T15:07:43+00:00","dateModified":"2021-11-25T14:16:03+00:00","breadcrumb":{"@id":"https:\/\/hotel-veter.si\/de\/kontakt\/#breadcrumb"},"inLanguage":"de","potentialAction":[{"@type":"ReadAction","target":["https:\/\/hotel-veter.si\/de\/kontakt\/"]}]},{"@type":"BreadcrumbList","@id":"https:\/\/hotel-veter.si\/de\/kontakt\/#breadcrumb","itemListElement":[{"@type":"ListItem","position":1,"name":"Home","item":"https:\/\/hotel-veter.si\/de\/willkommen\/"},{"@type":"ListItem","position":2,"name":"KONTAKT"}]}]}},"_links":{"self":[{"href":"https:\/\/hotel-veter.si\/de\/wp-json\/wp\/v2\/pages\/1115"}],"collection":[{"href":"https:\/\/hotel-veter.si\/de\/wp-json\/wp\/v2\/pages"}],"about":[{"href":"https:\/\/hotel-veter.si\/de\/wp-json\/wp\/v2\/types\/page"}],"author":[{"embeddable":true,"href":"https:\/\/hotel-veter.si\/de\/wp-json\/wp\/v2\/users\/1"}],"replies":[{"embeddable":true,"href":"https:\/\/hotel-veter.si\/de\/wp-json\/wp\/v2\/comments?post=1115"}],"version-history":[{"count":7,"href":"https:\/\/hotel-veter.si\/de\/wp-json\/wp\/v2\/pages\/1115\/revisions"}],"predecessor-version":[{"id":1185,"href":"https:\/\/hotel-veter.si\/de\/wp-json\/wp\/v2\/pages\/1115\/revisions\/1185"}],"wp:attachment":[{"href":"https:\/\/hotel-veter.si\/de\/wp-json\/wp\/v2\/media?parent=1115"}],"curies":[{"name":"wp","href":"https:\/\/api.w.org\/{rel}","templated":true}]}}